{"id":12936,"date":"2022-11-28T13:32:09","date_gmt":"2022-11-28T12:32:09","guid":{"rendered":"https:\/\/dev.argumo.co\/?post_type=product&#038;p=12936"},"modified":"2022-12-19T17:54:44","modified_gmt":"2022-12-19T16:54:44","slug":"botte-int-pompier","status":"publish","type":"product","link":"https:\/\/dev.argumo.co\/en\/product\/botte-int-pompier\/","title":{"rendered":"FIREFIGHTER BOOT"},"content":{"rendered":"","protected":false},"excerpt":{"rendered":"<p>Botte \u00e0 lacets d&#8217;intervention pour les op\u00e9rations de sauvetage, extinction de feu (b\u00e2timents, constructions en cloisonn\u00e9es, v\u00e9hicules, vaisseaux) et situation d&#8217;urgence.<\/p>","protected":false},"featured_media":13002,"comment_status":"open","ping_status":"closed","template":"","meta":[],"product_cat":[20,166],"product_tag":[],"_links":{"self":[{"href":"https:\/\/dev.argumo.co\/en\/wp-json\/wp\/v2\/product\/12936"}],"collection":[{"href":"https:\/\/dev.argumo.co\/en\/wp-json\/wp\/v2\/product"}],"about":[{"href":"https:\/\/dev.argumo.co\/en\/wp-json\/wp\/v2\/types\/product"}],"replies":[{"embeddable":true,"href":"https:\/\/dev.argumo.co\/en\/wp-json\/wp\/v2\/comments?post=12936"}],"version-history":[{"count":4,"href":"https:\/\/dev.argumo.co\/en\/wp-json\/wp\/v2\/product\/12936\/revisions"}],"predecessor-version":[{"id":13001,"href":"https:\/\/dev.argumo.co\/en\/wp-json\/wp\/v2\/product\/12936\/revisions\/13001"}],"wp:featuredmedia":[{"embeddable":true,"href":"https:\/\/dev.argumo.co\/en\/wp-json\/wp\/v2\/media\/13002"}],"wp:attachment":[{"href":"https:\/\/dev.argumo.co\/en\/wp-json\/wp\/v2\/media?parent=12936"}],"wp:term":[{"taxonomy":"product_cat","embeddable":true,"href":"https:\/\/dev.argumo.co\/en\/wp-json\/wp\/v2\/product_cat?post=12936"},{"taxonomy":"product_tag","embeddable":true,"href":"https:\/\/dev.argumo.co\/en\/wp-json\/wp\/v2\/product_tag?post=12936"}],"curies":[{"name":"wp","href":"https:\/\/api.w.org\/{rel}","templated":true}]}}