{"id":12487,"date":"2022-11-07T12:21:21","date_gmt":"2022-11-07T11:21:21","guid":{"rendered":"https:\/\/dev.argumo.co\/request-quote\/"},"modified":"2022-11-07T12:21:21","modified_gmt":"2022-11-07T11:21:21","slug":"request-quote","status":"publish","type":"page","link":"https:\/\/dev.argumo.co\/es\/request-quote\/","title":{"rendered":"Solicitar presupuesto"},"content":{"rendered":"<div class=\"woocommerce ywraq-wrapper ywraq-empty\">\n\t\t\t<div id=\"yith-ywraq-message\"><div class=\"ywraq-question-message\">\n\t<\/div>\n<\/div>\n\t\t\n\t\t\t\t<div class=\"ywraq-form-table-wrapper vertical\">\n\t\t\t<div class=\"ywraq-before-form\">\n<p class=\"ywraq_list_empty_message\" data-no-translation=\"\" data-trp-gettext=\"\">Tu lista est\u00e1 vac\u00eda, a\u00f1ade productos a la lista para enviar una solicitud<p><p class=\"return-to-shop\"><a class=\"button wc-backward\" href=\"https:\/\/dev.argumo.co\/es\/boutique\/\">Volver a la tienda<\/a><\/p><\/div>\n\t\t\t\t\t<\/div>\n\t<\/div>","protected":false},"excerpt":{"rendered":"","protected":false},"author":1,"featured_media":0,"parent":0,"menu_order":0,"comment_status":"closed","ping_status":"closed","template":"","meta":[],"_links":{"self":[{"href":"https:\/\/dev.argumo.co\/es\/wp-json\/wp\/v2\/pages\/12487"}],"collection":[{"href":"https:\/\/dev.argumo.co\/es\/wp-json\/wp\/v2\/pages"}],"about":[{"href":"https:\/\/dev.argumo.co\/es\/wp-json\/wp\/v2\/types\/page"}],"author":[{"embeddable":true,"href":"https:\/\/dev.argumo.co\/es\/wp-json\/wp\/v2\/users\/1"}],"replies":[{"embeddable":true,"href":"https:\/\/dev.argumo.co\/es\/wp-json\/wp\/v2\/comments?post=12487"}],"version-history":[{"count":0,"href":"https:\/\/dev.argumo.co\/es\/wp-json\/wp\/v2\/pages\/12487\/revisions"}],"wp:attachment":[{"href":"https:\/\/dev.argumo.co\/es\/wp-json\/wp\/v2\/media?parent=12487"}],"curies":[{"name":"wp","href":"https:\/\/api.w.org\/{rel}","templated":true}]}}