{"id":12,"date":"2023-01-06T11:46:25","date_gmt":"2023-01-06T10:46:25","guid":{"rendered":"https:\/\/dev.argumo.co\/?page_id=12"},"modified":"2023-01-06T11:46:58","modified_gmt":"2023-01-06T10:46:58","slug":"politique-de-retour-et-de-remboursement","status":"publish","type":"page","link":"https:\/\/dev.argumo.co\/fr\/politique-de-retour-et-de-remboursement\/","title":{"rendered":"Politique de retour et de remboursement"},"content":{"rendered":"\n<h4><strong>Derni\u00e8re mise \u00e0 jour : 06 Janvier 2023<\/strong><\/h4>\n\n\n\n<p>Chez ARGUMO, nous nous engageons \u00e0 offrir \u00e0 nos clients une exp\u00e9rience d&#8217;achat agr\u00e9able et sans tracas. Si vous n&#8217;\u00eates pas satisfait de votre achat pour quelque raison que ce soit, nous vous invitons \u00e0 consulter notre politique de retour et de remboursement ci-apr\u00e8s ou \u00e0 nous contacter en cas d\u2019ambigu\u00eft\u00e9.<\/p>\n\n\n\n<h3><strong>Conditions de retour&nbsp;:<\/strong><\/h3>\n\n\n\n<p>Si\u00a0vous\u00a0souhaitez retourner une commande, il vous suffit de nous faire part de votre d\u00e9cision.\u00a0Pour ce faire,\u00a0v<strong>ous<\/strong>\u00a0pouvez nous appeler au\u00a00<strong>539 392 69. <\/strong>Veuillez pr\u00e9parer votre num\u00e9ro de commande ; un de nos collaborateurs du service client v\u00e9rifiera les d\u00e9tails de votre commande et proc\u00e9dera \u00e0 votre retour.<\/p>\n\n\n\n<p>Si\u00a0vous\u00a0souhaitez retourner votre commande apr\u00e8s l\u2019avoir re\u00e7ue,\u00a0<strong>vous<\/strong>\u00a0devez nous retourner les articles dans un d\u00e9lai n\u2019exc\u00e9dant pas 60 jours \u00e0 compter du jour de la r\u00e9ception de votre commande.<\/p>\n\n\n\n<p>Nous\u00a0nous r\u00e9servons le droit de refuser le retour de tout produit qui ne remplit pas les conditions suivantes : les produits retourn\u00e9s dans les 60 jours doivent \u00eatre non utilis\u00e9s, et doivent \u00eatre restitu\u00e9s dans leur emballage d\u2019origine complet.<\/p>\n\n\n\n<p>Les frais de retour sont \u00e0 votre charge, \u00e0 moins que les chaussures ne soient endommag\u00e9es ou d\u00e9fectueuses.<\/p>\n\n\n\n<h3><strong>Conditions de remboursement&nbsp;:<\/strong><\/h3>\n\n\n\n<p>Dans le cas d&#8217;un retour sans \u00e9change : Le remboursement de votre commande se fera via le moyen de paiement initialement utilis\u00e9 pour r\u00e9gler votre achat. Celui-ci sera effectu\u00e9 dans les 14 jours suivant la r\u00e9ception de votre retour.<\/p>\n\n\n\n<p>Les frais de livraison ne seront pas rembours\u00e9s.<\/p>\n\n\n\n<p>Les chaussures personnalis\u00e9es ou sur mesure ne sont pas \u00e9ligibles au droit de r\u00e9tractation.<\/p>\n\n\n\n<h3><strong>Contactez-nous<\/strong><\/h3>\n\n\n\n<p>Pour toute autre question ou clarification, veuillez nous contacter \u00e0 l&#8217;adresse suivante : contact@argumo.co. Nous nous ferons un plaisir de vous aider.<\/p>\n\n\n\n<p><\/p>\n","protected":false},"excerpt":{"rendered":"<p>Derni\u00e8re mise \u00e0 jour : 06 Janvier 2023 Chez ARGUMO, nous nous engageons \u00e0 offrir \u00e0 nos clients une exp\u00e9rience<\/p>\n","protected":false},"author":1,"featured_media":0,"parent":0,"menu_order":0,"comment_status":"closed","ping_status":"closed","template":"","meta":[],"_links":{"self":[{"href":"https:\/\/dev.argumo.co\/fr\/wp-json\/wp\/v2\/pages\/12"}],"collection":[{"href":"https:\/\/dev.argumo.co\/fr\/wp-json\/wp\/v2\/pages"}],"about":[{"href":"https:\/\/dev.argumo.co\/fr\/wp-json\/wp\/v2\/types\/page"}],"author":[{"embeddable":true,"href":"https:\/\/dev.argumo.co\/fr\/wp-json\/wp\/v2\/users\/1"}],"replies":[{"embeddable":true,"href":"https:\/\/dev.argumo.co\/fr\/wp-json\/wp\/v2\/comments?post=12"}],"version-history":[{"count":3,"href":"https:\/\/dev.argumo.co\/fr\/wp-json\/wp\/v2\/pages\/12\/revisions"}],"predecessor-version":[{"id":13928,"href":"https:\/\/dev.argumo.co\/fr\/wp-json\/wp\/v2\/pages\/12\/revisions\/13928"}],"wp:attachment":[{"href":"https:\/\/dev.argumo.co\/fr\/wp-json\/wp\/v2\/media?parent=12"}],"curies":[{"name":"wp","href":"https:\/\/api.w.org\/{rel}","templated":true}]}}